{"id":2544,"date":"2023-05-05T12:45:30","date_gmt":"2023-05-05T10:45:30","guid":{"rendered":"https:\/\/shoutleiden.nl\/?page_id=2544"},"modified":"2025-08-12T13:05:10","modified_gmt":"2025-08-12T11:05:10","slug":"professionals","status":"publish","type":"page","link":"https:\/\/shoutleiden.nl\/en\/professionals\/","title":{"rendered":"Professionals"},"content":{"rendered":"<div class=\"wp-block-group alignfull professionalsgroup has-vertical-background-to-primary-gradient-background has-background has-global-padding is-content-justification-center is-layout-constrained wp-container-core-group-is-layout-577484cd wp-block-group-is-layout-constrained\" style=\"border-style:none;border-width:0px;min-height:0px;margin-top:var(--wp--preset--spacing--30);margin-bottom:0;padding-top:var(--wp--preset--spacing--30);padding-right:var(--wp--preset--spacing--30);padding-bottom:var(--wp--preset--spacing--30);padding-left:var(--wp--preset--spacing--30)\">\n<div class=\"wp-block-columns alignwide are-vertically-aligned-top is-layout-flex wp-container-core-columns-is-layout-4d478258 wp-block-columns-is-layout-flex\" style=\"border-style:none;border-width:0px;border-radius:13px;margin-top:var(--wp--preset--spacing--30);margin-bottom:var(--wp--preset--spacing--30);padding-bottom:var(--wp--preset--spacing--30)\">\n<div class=\"wp-block-column is-vertically-aligned-top is-style-default is-layout-flow wp-container-core-column-is-layout-2c7573ca wp-block-column-is-layout-flow\" style=\"padding-top:var(--wp--preset--spacing--50);padding-right:var(--wp--preset--spacing--40);padding-left:var(--wp--preset--spacing--40);flex-basis:85%\">\n<p><strong><mark style=\"background-color:rgba(0, 0, 0, 0)\" class=\"has-inline-color has-primary-color\">SHou<\/mark><mark style=\"background-color:rgba(0, 0, 0, 0)\" class=\"has-inline-color has-luminous-vivid-orange-color\">t!<\/mark><\/strong> offers one recognizable approachable information point for all financial questions for young people up to 30 years of age. Offering future perspective is leading in our approach. We are fast, professional, experienced, accessible and visible.<\/p>\n\n\n\n<p><strong><mark style=\"background-color:rgba(0, 0, 0, 0)\" class=\"has-inline-color has-luminous-vivid-orange-color\">Cooperation is our strength!<\/mark><\/strong><\/p>\n\n\n\n<p>Are you an organization that also thinks in possibilities and believes in cooperation for equal opportunities and future perspective? Please contact us.<\/p>\n\n\n\n<figure class=\"wp-block-image size-large\"><img loading=\"lazy\" decoding=\"async\" width=\"4348\" height=\"3261\" src=\"https:\/\/shoutleiden.nl\/wp-content\/uploads\/2023\/09\/wordcloud-1-edited-1.png\" alt=\"\" class=\"wp-image-2872\" srcset=\"https:\/\/shoutleiden.nl\/wp-content\/uploads\/2023\/09\/wordcloud-1-edited-1.png 4348w, https:\/\/shoutleiden.nl\/wp-content\/uploads\/2023\/09\/wordcloud-1-edited-1-300x225.png 300w, https:\/\/shoutleiden.nl\/wp-content\/uploads\/2023\/09\/wordcloud-1-edited-1-1024x768.png 1024w, https:\/\/shoutleiden.nl\/wp-content\/uploads\/2023\/09\/wordcloud-1-edited-1-768x576.png 768w, https:\/\/shoutleiden.nl\/wp-content\/uploads\/2023\/09\/wordcloud-1-edited-1-1536x1152.png 1536w, https:\/\/shoutleiden.nl\/wp-content\/uploads\/2023\/09\/wordcloud-1-edited-1-2048x1536.png 2048w\" sizes=\"auto, (max-width: 4348px) 100vw, 4348px\" \/><\/figure>\n<\/div>\n\n\n\n<div class=\"wp-block-column is-vertically-aligned-top is-style-default is-layout-flow wp-container-core-column-is-layout-9339ad20 wp-block-column-is-layout-flow\" style=\"border-style:none;border-width:0px;padding-left:var(--wp--preset--spacing--40);flex-basis:50%\">\n<p style=\"font-size:clamp(18.959px, 1.185rem + ((1vw - 3.2px) * 1.38), 30px);font-style:normal;font-weight:300;line-height:1.2\"><strong>Want to work with us?<\/strong> Contact us!<\/p>\n\n\n<div class=\"wpforms-container wpforms-container-full wpforms-render-modern\" id=\"wpforms-2825\"><form id=\"wpforms-form-2825\" class=\"wpforms-validate wpforms-form wpforms-ajax-form\" data-formid=\"2825\" method=\"post\" enctype=\"multipart\/form-data\" action=\"\/en\/wp-json\/wp\/v2\/pages\/2544\" data-token=\"fa18dfb94b247ae265df126b2dd6ed6b\" data-trp-original-action=\"\/en\/wp-json\/wp\/v2\/pages\/2544\"><noscript class=\"wpforms-error-noscript\">Please enable JavaScript in your browser to complete this form.<\/noscript><div class=\"wpforms-hidden\" id=\"wpforms-error-noscript\">Please enable JavaScript in your browser to complete this form.<\/div><div class=\"wpforms-field-container\"><div id=\"wpforms-2825-field_0-container\" class=\"wpforms-field wpforms-field-name\" data-field-id=\"0\"><label class=\"wpforms-field-label\" for=\"wpforms-2825-field_0\">Name <span class=\"wpforms-required-label\" aria-hidden=\"true\">*<\/span><\/label><input type=\"text\" id=\"wpforms-2825-field_0\" class=\"wpforms-field-medium wpforms-field-required\" name=\"wpforms[fields][0]\" aria-errormessage=\"wpforms-2825-field_0-error\" required><\/div><div id=\"wpforms-2825-field_3-container\" class=\"wpforms-field wpforms-field-text\" data-field-id=\"3\"><label class=\"wpforms-field-label\" for=\"wpforms-2825-field_3\">Subject<\/label><input type=\"text\" id=\"wpforms-2825-field_3\" class=\"wpforms-field-medium\" name=\"wpforms[fields][3]\" aria-errormessage=\"wpforms-2825-field_3-error\" ><\/div><div id=\"wpforms-2825-field_1-container\" class=\"wpforms-field wpforms-field-email\" data-field-id=\"1\"><label class=\"wpforms-field-label\" for=\"wpforms-2825-field_1\">E-mail <span class=\"wpforms-required-label\" aria-hidden=\"true\">*<\/span><\/label><input type=\"email\" id=\"wpforms-2825-field_1\" class=\"wpforms-field-medium wpforms-field-required\" name=\"wpforms[fields][1]\" spellcheck=\"false\" aria-errormessage=\"wpforms-2825-field_1-error\" required><\/div><div id=\"wpforms-2825-field_2-container\" class=\"wpforms-field wpforms-field-textarea\" data-field-id=\"2\"><label class=\"wpforms-field-label\" for=\"wpforms-2825-field_2\">Message<\/label><textarea id=\"wpforms-2825-field_2\" class=\"wpforms-field-medium\" name=\"wpforms[fields][2]\" aria-errormessage=\"wpforms-2825-field_2-error\" ><\/textarea><\/div><\/div><!-- .wpforms-field-container --><div class=\"wpforms-submit-container\" ><input type=\"hidden\" name=\"wpforms[id]\" value=\"2825\"><input type=\"hidden\" name=\"wpforms[author]\" value=\"1\"><button type=\"submit\" name=\"wpforms[submit]\" id=\"wpforms-submit-2825\" class=\"wpforms-submit\" data-alt-text=\"Verzenden...\" data-submit-text=\"Verzend\" aria-live=\"assertive\" value=\"wpforms-submit\">Send<\/button><img loading=\"lazy\" decoding=\"async\" src=\"https:\/\/shoutleiden.nl\/wp-content\/plugins\/wpforms-lite\/assets\/images\/submit-spin.svg\" class=\"wpforms-submit-spinner\" style=\"display: none;\" width=\"26\" height=\"26\" alt=\"Loading\"><\/div><input type=\"hidden\" name=\"trp-form-language\" value=\"en\"\/><\/form><\/div>  <!-- .wpforms-container -->\n<\/div>\n<\/div>\n<\/div>","protected":false},"excerpt":{"rendered":"<p>SHout! biedt \u00e9\u00e9n herkenbaar laagdrempelig informatiepunt voor alle financi\u00eble vragen voor jongeren tot 30 jaar. Het bieden van toekomstperspectief is leidend in onze werkwijze. Wij zijn snel, professioneel, ervaringsdeskundig, bereikbaar en zichtbaar. Samenwerking is onze kracht! Ben jij een organisatie die ook in mogelijkheden denkt en gelooft in samenwerking voor gelijke kansen en toekomstperspectief? Neem [&hellip;]<\/p>","protected":false},"author":1,"featured_media":0,"parent":0,"menu_order":0,"comment_status":"closed","ping_status":"closed","template":"","meta":{"footnotes":""},"class_list":["post-2544","page","type-page","status-publish","hentry"],"yoast_head":"<!-- This site is optimized with the Yoast SEO plugin v21.9.1 - https:\/\/yoast.com\/wordpress\/plugins\/seo\/ -->\n<title>Professionals - SHout!<\/title>\n<meta name=\"robots\" content=\"index, follow, max-snippet:-1, max-image-preview:large, max-video-preview:-1\" \/>\n<link rel=\"canonical\" href=\"https:\/\/shoutleiden.nl\/en\/professionals\/\" \/>\n<meta property=\"og:locale\" content=\"en_GB\" \/>\n<meta property=\"og:type\" content=\"article\" \/>\n<meta property=\"og:title\" content=\"Professionals - SHout!\" \/>\n<meta property=\"og:description\" content=\"SHout! biedt \u00e9\u00e9n herkenbaar laagdrempelig informatiepunt voor alle financi\u00eble vragen voor jongeren tot 30 jaar. Het bieden van toekomstperspectief is leidend in onze werkwijze. Wij zijn snel, professioneel, ervaringsdeskundig, bereikbaar en zichtbaar. Samenwerking is onze kracht! Ben jij een organisatie die ook in mogelijkheden denkt en gelooft in samenwerking voor gelijke kansen en toekomstperspectief? Neem [&hellip;]\" \/>\n<meta property=\"og:url\" content=\"https:\/\/shoutleiden.nl\/en\/professionals\/\" \/>\n<meta property=\"og:site_name\" content=\"SHout!\" \/>\n<meta property=\"article:publisher\" content=\"https:\/\/www.facebook.com\/profile.php?id=100087142547078\" \/>\n<meta property=\"article:modified_time\" content=\"2025-08-12T11:05:10+00:00\" \/>\n<meta property=\"og:image\" content=\"https:\/\/shoutleiden.nl\/wp-content\/uploads\/2023\/09\/wordcloud-1-edited-1.png\" \/>\n<meta name=\"twitter:card\" content=\"summary_large_image\" \/>\n<meta name=\"twitter:label1\" content=\"Estimated reading time\" \/>\n\t<meta name=\"twitter:data1\" content=\"1 minute\" \/>\n<script type=\"application\/ld+json\" class=\"yoast-schema-graph\">{\"@context\":\"https:\/\/schema.org\",\"@graph\":[{\"@type\":\"WebPage\",\"@id\":\"https:\/\/shoutleiden.nl\/professionals\/\",\"url\":\"https:\/\/shoutleiden.nl\/professionals\/\",\"name\":\"Professionals - SHout!\",\"isPartOf\":{\"@id\":\"https:\/\/shoutleiden.nl\/en\/#website\"},\"datePublished\":\"2023-05-05T10:45:30+00:00\",\"dateModified\":\"2025-08-12T11:05:10+00:00\",\"breadcrumb\":{\"@id\":\"https:\/\/shoutleiden.nl\/professionals\/#breadcrumb\"},\"inLanguage\":\"en-GB\",\"potentialAction\":[{\"@type\":\"ReadAction\",\"target\":[\"https:\/\/shoutleiden.nl\/professionals\/\"]}]},{\"@type\":\"BreadcrumbList\",\"@id\":\"https:\/\/shoutleiden.nl\/professionals\/#breadcrumb\",\"itemListElement\":[{\"@type\":\"ListItem\",\"position\":1,\"name\":\"Home\",\"item\":\"https:\/\/shoutleiden.nl\/\"},{\"@type\":\"ListItem\",\"position\":2,\"name\":\"Professionals\"}]},{\"@type\":\"WebSite\",\"@id\":\"https:\/\/shoutleiden.nl\/en\/#website\",\"url\":\"https:\/\/shoutleiden.nl\/en\/\",\"name\":\"SHout! Leiden\",\"description\":\"Het Info Punt voor jou tot 30 jaar over je financi\u00ebn\",\"publisher\":{\"@id\":\"https:\/\/shoutleiden.nl\/en\/#organization\"},\"potentialAction\":[{\"@type\":\"SearchAction\",\"target\":{\"@type\":\"EntryPoint\",\"urlTemplate\":\"https:\/\/shoutleiden.nl\/en\/?s={search_term_string}\"},\"query-input\":\"required name=search_term_string\"}],\"inLanguage\":\"en-GB\"},{\"@type\":\"Organization\",\"@id\":\"https:\/\/shoutleiden.nl\/en\/#organization\",\"name\":\"SHout! Leiden\",\"url\":\"https:\/\/shoutleiden.nl\/en\/\",\"logo\":{\"@type\":\"ImageObject\",\"inLanguage\":\"en-GB\",\"@id\":\"https:\/\/shoutleiden.nl\/en\/#\/schema\/logo\/image\/\",\"url\":\"https:\/\/shoutleiden.nl\/wp-content\/uploads\/2023\/05\/Shout-logo-e1561625919597.png\",\"contentUrl\":\"https:\/\/shoutleiden.nl\/wp-content\/uploads\/2023\/05\/Shout-logo-e1561625919597.png\",\"width\":250,\"height\":459,\"caption\":\"SHout! Leiden\"},\"image\":{\"@id\":\"https:\/\/shoutleiden.nl\/en\/#\/schema\/logo\/image\/\"},\"sameAs\":[\"https:\/\/www.facebook.com\/profile.php?id=100087142547078\",\"https:\/\/www.linkedin.com\/company\/shoutleiden\/\"]}]}<\/script>\n<!-- \/ Yoast SEO plugin. -->","yoast_head_json":{"title":"Professionals - SHout!","robots":{"index":"index","follow":"follow","max-snippet":"max-snippet:-1","max-image-preview":"max-image-preview:large","max-video-preview":"max-video-preview:-1"},"canonical":"https:\/\/shoutleiden.nl\/en\/professionals\/","og_locale":"en_GB","og_type":"article","og_title":"Professionals - SHout!","og_description":"SHout! biedt \u00e9\u00e9n herkenbaar laagdrempelig informatiepunt voor alle financi\u00eble vragen voor jongeren tot 30 jaar. Het bieden van toekomstperspectief is leidend in onze werkwijze. Wij zijn snel, professioneel, ervaringsdeskundig, bereikbaar en zichtbaar. Samenwerking is onze kracht! Ben jij een organisatie die ook in mogelijkheden denkt en gelooft in samenwerking voor gelijke kansen en toekomstperspectief? Neem [&hellip;]","og_url":"https:\/\/shoutleiden.nl\/en\/professionals\/","og_site_name":"SHout!","article_publisher":"https:\/\/www.facebook.com\/profile.php?id=100087142547078","article_modified_time":"2025-08-12T11:05:10+00:00","og_image":[{"url":"https:\/\/shoutleiden.nl\/wp-content\/uploads\/2023\/09\/wordcloud-1-edited-1.png"}],"twitter_card":"summary_large_image","twitter_misc":{"Estimated reading time":"1 minute"},"schema":{"@context":"https:\/\/schema.org","@graph":[{"@type":"WebPage","@id":"https:\/\/shoutleiden.nl\/professionals\/","url":"https:\/\/shoutleiden.nl\/professionals\/","name":"Professionals - SHout!","isPartOf":{"@id":"https:\/\/shoutleiden.nl\/en\/#website"},"datePublished":"2023-05-05T10:45:30+00:00","dateModified":"2025-08-12T11:05:10+00:00","breadcrumb":{"@id":"https:\/\/shoutleiden.nl\/professionals\/#breadcrumb"},"inLanguage":"en-GB","potentialAction":[{"@type":"ReadAction","target":["https:\/\/shoutleiden.nl\/professionals\/"]}]},{"@type":"BreadcrumbList","@id":"https:\/\/shoutleiden.nl\/professionals\/#breadcrumb","itemListElement":[{"@type":"ListItem","position":1,"name":"Home","item":"https:\/\/shoutleiden.nl\/"},{"@type":"ListItem","position":2,"name":"Professionals"}]},{"@type":"WebSite","@id":"https:\/\/shoutleiden.nl\/en\/#website","url":"https:\/\/shoutleiden.nl\/en\/","name":"SHout! Leiden","description":"Het Info Punt voor jou tot 30 jaar over je financi\u00ebn","publisher":{"@id":"https:\/\/shoutleiden.nl\/en\/#organization"},"potentialAction":[{"@type":"SearchAction","target":{"@type":"EntryPoint","urlTemplate":"https:\/\/shoutleiden.nl\/en\/?s={search_term_string}"},"query-input":"required name=search_term_string"}],"inLanguage":"en-GB"},{"@type":"Organization","@id":"https:\/\/shoutleiden.nl\/en\/#organization","name":"SHout! Leiden","url":"https:\/\/shoutleiden.nl\/en\/","logo":{"@type":"ImageObject","inLanguage":"en-GB","@id":"https:\/\/shoutleiden.nl\/en\/#\/schema\/logo\/image\/","url":"https:\/\/shoutleiden.nl\/wp-content\/uploads\/2023\/05\/Shout-logo-e1561625919597.png","contentUrl":"https:\/\/shoutleiden.nl\/wp-content\/uploads\/2023\/05\/Shout-logo-e1561625919597.png","width":250,"height":459,"caption":"SHout! Leiden"},"image":{"@id":"https:\/\/shoutleiden.nl\/en\/#\/schema\/logo\/image\/"},"sameAs":["https:\/\/www.facebook.com\/profile.php?id=100087142547078","https:\/\/www.linkedin.com\/company\/shoutleiden\/"]}]}},"_links":{"self":[{"href":"https:\/\/shoutleiden.nl\/en\/wp-json\/wp\/v2\/pages\/2544","targetHints":{"allow":["GET"]}}],"collection":[{"href":"https:\/\/shoutleiden.nl\/en\/wp-json\/wp\/v2\/pages"}],"about":[{"href":"https:\/\/shoutleiden.nl\/en\/wp-json\/wp\/v2\/types\/page"}],"author":[{"embeddable":true,"href":"https:\/\/shoutleiden.nl\/en\/wp-json\/wp\/v2\/users\/1"}],"replies":[{"embeddable":true,"href":"https:\/\/shoutleiden.nl\/en\/wp-json\/wp\/v2\/comments?post=2544"}],"version-history":[{"count":37,"href":"https:\/\/shoutleiden.nl\/en\/wp-json\/wp\/v2\/pages\/2544\/revisions"}],"predecessor-version":[{"id":3066,"href":"https:\/\/shoutleiden.nl\/en\/wp-json\/wp\/v2\/pages\/2544\/revisions\/3066"}],"wp:attachment":[{"href":"https:\/\/shoutleiden.nl\/en\/wp-json\/wp\/v2\/media?parent=2544"}],"curies":[{"name":"wp","href":"https:\/\/api.w.org\/{rel}","templated":true}]}}